{"id":181,"date":"2019-08-17T20:06:26","date_gmt":"2019-08-17T20:06:26","guid":{"rendered":"http:\/\/vario-hsi.de\/?page_id=181"},"modified":"2019-11-12T17:33:37","modified_gmt":"2019-11-12T17:33:37","slug":"weitere-dienste","status":"publish","type":"page","link":"https:\/\/vario-hsi.de\/?page_id=181","title":{"rendered":"WEITERE DIENSTE"},"content":{"rendered":"<div id=\"dslc-content\" class=\"dslc-content dslc-clearfix\"><div id=\"dslc-main\">\n\t\t<div  class=\"dslc-modules-section \" style=\"\" data-section-id=\"0fcc330429f\">\n\t\t\t\t\n\t\t\t\t\n\t\t\t\t<div class=\"dslc-modules-section-wrapper dslc-clearfix\"><div class=\"dslc-modules-area dslc-col dslc-12-col dslc-last-col\" data-size=\"12\">\n\t\t<div id=\"dslc-module-8b3f5165e4a\" class=\"dslc-module-front dslc-module-DSLC_Separator dslc-in-viewport-check dslc-in-viewport-anim-none  dslc-col dslc-12-col dslc-last-col  dslc-module-handle-like-regular \" data-module-id=\"8b3f5165e4a\" data-module=\"DSLC_Separator\" data-dslc-module-size=\"12\" data-dslc-anim=\"none\" data-dslc-anim-delay=\"\" data-dslc-anim-duration=\"650\"  data-dslc-anim-easing=\"ease\" data-dslc-preset=\"none\" >\n\n\t\t\t\n\t\t\t\n\t\t\t\t\t<div class=\"dslc-separator-wrapper\">\n\t\t\t\t<div class=\"dslc-separator dslc-separator-style-invisible\">\n\t\t\t\t\t\t\t\t\t<\/div>\n\t\t\t\t<div><\/div>\n\t\t\t<\/div><!-- .dslc-separator-wrapper -->\n\t\t\t\n\t\t\t\t<\/div><!-- .dslc-module -->\n\t\t\n\t\t<div id=\"dslc-module-268478cc290\" class=\"dslc-module-front dslc-module-DSLC_Text_Simple dslc-in-viewport-check dslc-in-viewport-anim-dslcSlideDown  dslc-col dslc-12-col dslc-last-col  dslc-module-handle-like-regular \" data-module-id=\"268478cc290\" data-module=\"DSLC_Text_Simple\" data-dslc-module-size=\"12\" data-dslc-anim=\"dslcSlideDown\" data-dslc-anim-delay=\"\" data-dslc-anim-duration=\"650\"  data-dslc-anim-easing=\"ease\" data-dslc-preset=\"none\" >\n\n\t\t\t\n\t\t\t\n\t\t\n\t\t<div class=\"dslc-text-module-content\">\n\t\t\t<h3><span style=\"color: #004d8b;\"><strong>Service aus einer Hand<\/strong><\/span><\/h3><h5>\u00a0<\/h5><h4><strong>Einbau von Gartenwasserz\u00e4hler<\/strong><\/h4><p><img class=\"alignnone size-medium wp-image-245\" src=\"http:\/\/vario-hsi.de\/wp-content\/uploads\/2019\/09\/water-clock-252241_1280-300x209.jpg\" alt=\"\" width=\"300\" height=\"209\"><\/p><h4 style=\"text-align: left;\"><strong>Bew\u00e4sserungssysteme f\u00fcr den Garten<\/strong><\/h4><h4 style=\"text-align: left;\"><strong><img class=\"alignnone size-medium wp-image-312\" src=\"http:\/\/vario-hsi.de\/wp-content\/uploads\/2019\/10\/garden-2388292_640-300x200.jpg\" alt=\"Bew\u00e4sserungssystem\" width=\"300\" height=\"200\"><\/strong><\/h4><h4><strong>Gasdichtheitspr\u00fcfung <\/strong><strong>Gebrauchsf\u00e4higkeit von Gasleitungen<\/strong><\/h4><h5>Zur Gasdichtheitspr\u00fcfung geh\u00f6rt eine umfangreiche optische Kontrolle der Gasinstallation inkl. einer anschlie\u00dfenden \u201eLeckmengenmessung\u201c oder auch Gebrauchsf\u00e4higkeitspr\u00fcfung\u201c.<\/h5><h5><img class=\"alignnone size-medium wp-image-315\" src=\"http:\/\/vario-hsi.de\/wp-content\/uploads\/2019\/10\/flame-871136_1280-300x200.jpg\" alt=\"\" width=\"300\" height=\"200\"><\/h5><h4><strong>andere Gewerke<\/strong><\/h4><h5>Durch entsprechende Kooperationen k\u00f6nnen wir auch die Leistungen in den Bereichen Trockenbau-, Fliesenleger- und Malerarbeiten abdecken.<\/h5>\t\t<\/div>\n\n\t\t\n\t\t\t\t<\/div><!-- .dslc-module -->\n\t\t<\/div><\/div><\/div><\/div><\/div>","protected":false},"excerpt":{"rendered":"<p>Service aus einer Hand\u00a0Einbau von Gartenwasserz\u00e4hlerBew\u00e4sserungssysteme f\u00fcr den GartenGasdichtheitspr\u00fcfung Gebrauchsf\u00e4higkeit von GasleitungenZur Gasdichtheitspr\u00fcfung geh\u00f6rt eine umfangreiche optische Kontrolle der Gasinstallation inkl. einer anschlie\u00dfenden \u201eLeckmengenmessung\u201c oder auch Gebrauchsf\u00e4higkeitspr\u00fcfung\u201c.andere GewerkeDurch entsprechende Kooperationen k\u00f6nnen wir auch die Leistungen in den Bereichen Trockenbau-, Fliesenleger- und Malerarbeiten abdecken.<\/p>\n","protected":false},"author":1,"featured_media":0,"parent":0,"menu_order":0,"comment_status":"closed","ping_status":"closed","template":"page-fullwidth.php","meta":[],"featured_image_src":null,"featured_image_src_square":null,"_links":{"self":[{"href":"https:\/\/vario-hsi.de\/index.php?rest_route=\/wp\/v2\/pages\/181"}],"collection":[{"href":"https:\/\/vario-hsi.de\/index.php?rest_route=\/wp\/v2\/pages"}],"about":[{"href":"https:\/\/vario-hsi.de\/index.php?rest_route=\/wp\/v2\/types\/page"}],"author":[{"embeddable":true,"href":"https:\/\/vario-hsi.de\/index.php?rest_route=\/wp\/v2\/users\/1"}],"replies":[{"embeddable":true,"href":"https:\/\/vario-hsi.de\/index.php?rest_route=%2Fwp%2Fv2%2Fcomments&post=181"}],"version-history":[{"count":10,"href":"https:\/\/vario-hsi.de\/index.php?rest_route=\/wp\/v2\/pages\/181\/revisions"}],"predecessor-version":[{"id":314,"href":"https:\/\/vario-hsi.de\/index.php?rest_route=\/wp\/v2\/pages\/181\/revisions\/314"}],"wp:attachment":[{"href":"https:\/\/vario-hsi.de\/index.php?rest_route=%2Fwp%2Fv2%2Fmedia&parent=181"}],"curies":[{"name":"wp","href":"https:\/\/api.w.org\/{rel}","templated":true}]}}