{"id":107,"date":"2019-08-04T19:52:21","date_gmt":"2019-08-04T19:52:21","guid":{"rendered":"http:\/\/vario-hsi.de\/?page_id=107"},"modified":"2022-10-25T19:00:05","modified_gmt":"2022-10-25T19:00:05","slug":"107-2","status":"publish","type":"page","link":"https:\/\/vario-hsi.de\/","title":{"rendered":"Willkommen"},"content":{"rendered":"<div id=\"dslc-content\" class=\"dslc-content dslc-clearfix\"><div id=\"dslc-main\">\n\t\t<div  class=\"dslc-modules-section \" style=\"\" data-section-id=\"1ba518ce921\">\n\t\t\t\t\n\t\t\t\t\n\t\t\t\t<div class=\"dslc-modules-section-wrapper dslc-clearfix\"><div class=\"dslc-modules-area dslc-col dslc-12-col dslc-last-col\" data-size=\"12\">\n\t\t<div id=\"dslc-module-f75aa24760e\" class=\"dslc-module-front dslc-module-DSLC_Text_Simple dslc-in-viewport-check dslc-in-viewport-anim-none  dslc-col dslc-12-col dslc-last-col  dslc-module-handle-like-regular \" data-module-id=\"f75aa24760e\" data-module=\"DSLC_Text_Simple\" data-dslc-module-size=\"12\" data-dslc-anim=\"none\" data-dslc-anim-delay=\"\" data-dslc-anim-duration=\"650\"  data-dslc-anim-easing=\"ease\" data-dslc-preset=\"none\" >\n\n\t\t\t\n\t\t\t\n\t\t\n\t\t<div class=\"dslc-text-module-content\">\n\t\t\t<h4 style=\"text-align: center;\"><strong>Die VARIO HSI GmbH als eingetragener Handwerksbetrieb bietet Ihnen einen kompetenten und individuellen Kundenservice in allen Fragen der Heizungs- und Sanit\u00e4rtechnik.<br><br><\/strong><\/h4>\t\t<\/div>\n\n\t\t\n\t\t\t\t<\/div><!-- .dslc-module -->\n\t\t\n\t\t<div id=\"dslc-module-b37080c5f79\" class=\"dslc-module-front dslc-module-DSLC_Text_Simple dslc-in-viewport-check dslc-in-viewport-anim-none  dslc-col dslc-3-col  dslc-module-handle-like-regular \" data-module-id=\"b37080c5f79\" data-module=\"DSLC_Text_Simple\" data-dslc-module-size=\"3\" data-dslc-anim=\"none\" data-dslc-anim-delay=\"\" data-dslc-anim-duration=\"650\"  data-dslc-anim-easing=\"ease\" data-dslc-preset=\"none\" >\n\n\t\t\t\n\t\t\t\n\t\t\n\t\t<div class=\"dslc-text-module-content\">\n\t\t\t<h4>\u00a0<\/h4><h4 style=\"text-align: center;\"><a href=\"http:\/\/vario-hsi.de\/?page_id=132\"><strong>HEIZUNG<\/strong><\/a><\/h4><h5 style=\"text-align: center;\"><a href=\"http:\/\/vario-hsi.de\/?page_id=132\">Wir sorgen f\u00fcr die richtige Wohlf\u00fchltemperatur bei Ihnen zu Hause<\/a><\/h5><h5>\u00a0<\/h5><h5 style=\"text-align: center;\"><a href=\"http:\/\/vario-hsi.de\/?page_id=132\"><img class=\"size-full wp-image-171 aligncenter\" src=\"http:\/\/vario-hsi.de\/wp-content\/uploads\/2019\/08\/heizung-icon.jpg\" alt=\"\" width=\"66\" height=\"70\"><\/a><\/h5>\t\t<\/div>\n\n\t\t\n\t\t\t\t<\/div><!-- .dslc-module -->\n\t\t\n\t\t<div id=\"dslc-module-k9vm3okqe8g\" class=\"dslc-module-front dslc-module-DSLC_Text_Simple dslc-in-viewport-check dslc-in-viewport-anim-none  dslc-col dslc-3-col  dslc-module-handle-like-regular \" data-module-id=\"k9vm3okqe8g\" data-module=\"DSLC_Text_Simple\" data-dslc-module-size=\"3\" data-dslc-anim=\"none\" data-dslc-anim-delay=\"\" data-dslc-anim-duration=\"650\"  data-dslc-anim-easing=\"ease\" data-dslc-preset=\"none\" >\n\n\t\t\t\n\t\t\t\n\t\t\n\t\t<div class=\"dslc-text-module-content\">\n\t\t\t<h4 style=\"text-align: center;\"><a href=\"http:\/\/vario-hsi.de\/?page_id=175(\u00f6ffnet in neuem Tab)\" data-wplink-url-error=\"true\"><strong>SANIT\u00c4R<\/strong><\/a><\/h4><h5 style=\"text-align: center;\"><a href=\"http:\/\/vario-hsi.de\/?page_id=175\">Alles rund ums Bad- Wir schaffen Wohlf\u00fchlbereiche nach Ma\u00df...<\/a><\/h5><p><a href=\"http:\/\/vario-hsi.de\/?page_id=175(\u00f6ffnet in neuem Tab)\" data-wplink-url-error=\"true\"><img class=\"size-full wp-image-172 aligncenter\" src=\"http:\/\/vario-hsi.de\/wp-content\/uploads\/2019\/08\/sanitaer-icon.jpg\" alt=\"\" width=\"67\" height=\"73\"><\/a><\/p>\t\t<\/div>\n\n\t\t\n\t\t\t\t<\/div><!-- .dslc-module -->\n\t\t\n\t\t<div id=\"dslc-module-p0sp021a0tg\" class=\"dslc-module-front dslc-module-DSLC_Text_Simple dslc-in-viewport-check dslc-in-viewport-anim-none  dslc-col dslc-3-col  dslc-module-handle-like-regular \" data-module-id=\"p0sp021a0tg\" data-module=\"DSLC_Text_Simple\" data-dslc-module-size=\"3\" data-dslc-anim=\"none\" data-dslc-anim-delay=\"\" data-dslc-anim-duration=\"650\"  data-dslc-anim-easing=\"ease\" data-dslc-preset=\"none\" >\n\n\t\t\t\n\t\t\t\n\t\t\n\t\t<div class=\"dslc-text-module-content\">\n\t\t\t<h4 style=\"text-align: center;\"><a href=\"http:\/\/vario-hsi.de\/?page_id=178(\u00f6ffnet in neuem Tab)\" data-wplink-url-error=\"true\"><strong>WARTUNGEN \/ ST\u00d6RUNG<\/strong><\/a><\/h4><h5 style=\"text-align: center;\"><a href=\"http:\/\/vario-hsi.de\/?page_id=178(\u00f6ffnet in neuem Tab)\" data-wplink-url-error=\"true\">Notdienst zur Beseitigung von Anlagenst\u00f6rungen und Havarien<\/a><\/h5><p><a href=\"http:\/\/vario-hsi.de\/?page_id=178(\u00f6ffnet in neuem Tab)\" data-wplink-url-error=\"true\"><img class=\"size-full wp-image-173 aligncenter\" src=\"http:\/\/vario-hsi.de\/wp-content\/uploads\/2019\/08\/wartung-icon.jpg\" alt=\"\" width=\"66\" height=\"78\"><\/a><\/p>\t\t<\/div>\n\n\t\t\n\t\t\t\t<\/div><!-- .dslc-module -->\n\t\t\n\t\t<div id=\"dslc-module-724c238ggi\" class=\"dslc-module-front dslc-module-DSLC_Text_Simple dslc-in-viewport-check dslc-in-viewport-anim-none  dslc-col dslc-3-col dslc-last-col  dslc-module-handle-like-regular \" data-module-id=\"724c238ggi\" data-module=\"DSLC_Text_Simple\" data-dslc-module-size=\"3\" data-dslc-anim=\"none\" data-dslc-anim-delay=\"\" data-dslc-anim-duration=\"650\"  data-dslc-anim-easing=\"ease\" data-dslc-preset=\"none\" >\n\n\t\t\t\n\t\t\t\n\t\t\n\t\t<div class=\"dslc-text-module-content\">\n\t\t\t<h4>\u00a0<\/h4><h4 style=\"text-align: center;\"><strong>WEITERE DIENSTE<\/strong><\/h4><h5 style=\"text-align: center;\">Diese Leistungen k\u00f6nnen Sie au\u00dferdem von uns erwarten...<\/h5><h5>\u00a0<\/h5><h5 style=\"text-align: center;\"><img class=\"size-full wp-image-170 aligncenter\" src=\"http:\/\/vario-hsi.de\/wp-content\/uploads\/2019\/08\/dienste-icon.jpg\" alt=\"\" width=\"68\" height=\"73\"><\/h5>\t\t<\/div>\n\n\t\t\n\t\t\t\t<\/div><!-- .dslc-module -->\n\t\t<\/div><\/div><\/div>\n\t\t<div  class=\"dslc-modules-section \" style=\"\" data-section-id=\"27d1abe2573\">\n\t\t\t\t\n\t\t\t\t\n\t\t\t\t<div class=\"dslc-modules-section-wrapper dslc-clearfix\"><div class=\"dslc-modules-area dslc-col dslc-12-col dslc-last-col\" data-size=\"12\">\n\t\t<div id=\"dslc-module-4693acd32ca\" class=\"dslc-module-front dslc-module-DSLC_Text_Simple dslc-in-viewport-check dslc-in-viewport-anim-none  dslc-col dslc-12-col dslc-last-col  dslc-module-handle-like-regular \" data-module-id=\"4693acd32ca\" data-module=\"DSLC_Text_Simple\" data-dslc-module-size=\"12\" data-dslc-anim=\"none\" data-dslc-anim-delay=\"\" data-dslc-anim-duration=\"650\"  data-dslc-anim-easing=\"ease\" data-dslc-preset=\"none\" >\n\n\t\t\t\n\t\t\t\n\t\t\n\t\t<div class=\"dslc-text-module-content\">\n\t\t\t<h4>\u00a0<\/h4><h4 style=\"text-align: center;\"><span style=\"color: #ffffff;\"><strong>ERREICHBARKEIT<\/strong><\/span><\/h4><h4 style=\"text-align: center;\"><span style=\"color: #ffffff;\"><strong>Unsere regul\u00e4ren Arbeits- und Gesch\u00e4ftszeiten sind jeweils Wochentags zwischen 7:30 - 16:00 Uhr *<\/strong><\/span><\/h4><h4 style=\"text-align: center;\"><span style=\"color: #ffffff;\"><strong>St\u00f6rungsdienst auch au\u00dferhalb der Gesch\u00e4ftszeiten unter 035722\/179905 (Montag bis Sonntag von 7:00 - 22:00 Uhr)<\/strong><\/span><\/h4><p>\u00a0<\/p>\t\t<\/div>\n\n\t\t\n\t\t\t\t<\/div><!-- .dslc-module -->\n\t\t<\/div><\/div><\/div><\/div><\/div>","protected":false},"excerpt":{"rendered":"<p>Die VARIO HSI GmbH als eingetragener Handwerksbetrieb bietet Ihnen einen kompetenten und individuellen Kundenservice in allen Fragen der Heizungs- und Sanit\u00e4rtechnik. \u00a0HEIZUNGWir sorgen f\u00fcr die richtige Wohlf\u00fchltemperatur bei Ihnen zu Hause\u00a0 SANIT\u00c4RAlles rund ums Bad- Wir schaffen Wohlf\u00fchlbereiche nach Ma\u00df&#8230; WARTUNGEN \/ ST\u00d6RUNGNotdienst zur Beseitigung von Anlagenst\u00f6rungen und Havarien \u00a0WEITERE DIENSTEDiese Leistungen k\u00f6nnen Sie au\u00dferdem<\/p>\n","protected":false},"author":1,"featured_media":0,"parent":0,"menu_order":0,"comment_status":"closed","ping_status":"closed","template":"homepage.php","meta":[],"featured_image_src":null,"featured_image_src_square":null,"_links":{"self":[{"href":"https:\/\/vario-hsi.de\/index.php?rest_route=\/wp\/v2\/pages\/107"}],"collection":[{"href":"https:\/\/vario-hsi.de\/index.php?rest_route=\/wp\/v2\/pages"}],"about":[{"href":"https:\/\/vario-hsi.de\/index.php?rest_route=\/wp\/v2\/types\/page"}],"author":[{"embeddable":true,"href":"https:\/\/vario-hsi.de\/index.php?rest_route=\/wp\/v2\/users\/1"}],"replies":[{"embeddable":true,"href":"https:\/\/vario-hsi.de\/index.php?rest_route=%2Fwp%2Fv2%2Fcomments&post=107"}],"version-history":[{"count":9,"href":"https:\/\/vario-hsi.de\/index.php?rest_route=\/wp\/v2\/pages\/107\/revisions"}],"predecessor-version":[{"id":337,"href":"https:\/\/vario-hsi.de\/index.php?rest_route=\/wp\/v2\/pages\/107\/revisions\/337"}],"wp:attachment":[{"href":"https:\/\/vario-hsi.de\/index.php?rest_route=%2Fwp%2Fv2%2Fmedia&parent=107"}],"curies":[{"name":"wp","href":"https:\/\/api.w.org\/{rel}","templated":true}]}}