{"id":178,"date":"2019-08-17T20:05:54","date_gmt":"2019-08-17T20:05:54","guid":{"rendered":"http:\/\/vario-hsi.de\/?page_id=178"},"modified":"2019-10-02T11:56:55","modified_gmt":"2019-10-02T11:56:55","slug":"wartungen-stoerung","status":"publish","type":"page","link":"http:\/\/vario-hsi.de\/?page_id=178","title":{"rendered":"WARTUNGEN \/ ST\u00d6RUNG"},"content":{"rendered":"<div id=\"dslc-content\" class=\"dslc-content dslc-clearfix\"><div id=\"dslc-main\">\n\t\t<div  class=\"dslc-modules-section \" style=\"\" data-section-id=\"0fcc330429f\">\n\t\t\t\t\n\t\t\t\t\n\t\t\t\t<div class=\"dslc-modules-section-wrapper dslc-clearfix\"><div class=\"dslc-modules-area dslc-col dslc-12-col dslc-last-col\" data-size=\"12\">\n\t\t<div id=\"dslc-module-36df7505210\" class=\"dslc-module-front dslc-module-DSLC_Text_Simple dslc-in-viewport-check dslc-in-viewport-anim-none  dslc-col dslc-12-col dslc-last-col  dslc-module-handle-like-regular \" data-module-id=\"36df7505210\" data-module=\"DSLC_Text_Simple\" data-dslc-module-size=\"12\" data-dslc-anim=\"none\" data-dslc-anim-delay=\"\" data-dslc-anim-duration=\"650\"  data-dslc-anim-easing=\"ease\" data-dslc-preset=\"none\" >\n\n\t\t\t\n\t\t\t\n\t\t\n\t\t<div class=\"dslc-text-module-content\">\n\t\t\t<h3><span style=\"color: #004d8b;\"><strong>Wartung von Heizungsanlagen (Gas, \u00d6l, W\u00e4rmepumpen, Solaranlagen usw.)<\/strong><\/span><\/h3><ul><li><h5>Reinigung des Kesselk\u00f6rpers<\/h5><\/li><li><h5>Tauschen der Verschlei\u00dfteile\/ Komponenten<\/h5><\/li><li><h5>\u00dcberpr\u00fcfung und Anpassung der sicherheitstechnischen Einrichtungen<\/h5><\/li><li><h5>Kontrolle der zentralen steuerungstechnischen Einrichtungen<\/h5><\/li><\/ul><h5>\u00a0<\/h5><h3><span style=\"color: #004d8b;\"><strong>Wartung von Sanit\u00e4ranlagen<\/strong><\/span><\/h3><ul><li><h5>Wartung von Hebeanlagen, R\u00fcckstauautomaten und Schmutzwasserpumpen<\/h5><\/li><li><h5>\u00dcberpr\u00fcfung von Warmwasseraufbereitungen, Hauswasserfiltern<\/h5><\/li><li><h5>Speicherwartung (Kontrolle, Reinigung, Entkalkung von WW-Speichern)<\/h5><\/li><\/ul><h5>\u00a0<\/h5>\t\t<\/div>\n\n\t\t\n\t\t\t\t<\/div><!-- .dslc-module -->\n\t\t<\/div><\/div><\/div><\/div><\/div>","protected":false},"excerpt":{"rendered":"<p>Wartung von Heizungsanlagen (Gas, \u00d6l, W\u00e4rmepumpen, Solaranlagen usw.)Reinigung des Kesselk\u00f6rpersTauschen der Verschlei\u00dfteile\/ Komponenten\u00dcberpr\u00fcfung und Anpassung der sicherheitstechnischen EinrichtungenKontrolle der zentralen steuerungstechnischen Einrichtungen\u00a0Wartung von Sanit\u00e4ranlagenWartung von Hebeanlagen, R\u00fcckstauautomaten und Schmutzwasserpumpen\u00dcberpr\u00fcfung von Warmwasseraufbereitungen, HauswasserfilternSpeicherwartung (Kontrolle, Reinigung, Entkalkung von WW-Speichern)\u00a0<\/p>\n","protected":false},"author":1,"featured_media":0,"parent":0,"menu_order":0,"comment_status":"closed","ping_status":"closed","template":"page-fullwidth.php","meta":[],"featured_image_src":null,"featured_image_src_square":null,"_links":{"self":[{"href":"http:\/\/vario-hsi.de\/index.php?rest_route=\/wp\/v2\/pages\/178"}],"collection":[{"href":"http:\/\/vario-hsi.de\/index.php?rest_route=\/wp\/v2\/pages"}],"about":[{"href":"http:\/\/vario-hsi.de\/index.php?rest_route=\/wp\/v2\/types\/page"}],"author":[{"embeddable":true,"href":"http:\/\/vario-hsi.de\/index.php?rest_route=\/wp\/v2\/users\/1"}],"replies":[{"embeddable":true,"href":"http:\/\/vario-hsi.de\/index.php?rest_route=%2Fwp%2Fv2%2Fcomments&post=178"}],"version-history":[{"count":12,"href":"http:\/\/vario-hsi.de\/index.php?rest_route=\/wp\/v2\/pages\/178\/revisions"}],"predecessor-version":[{"id":308,"href":"http:\/\/vario-hsi.de\/index.php?rest_route=\/wp\/v2\/pages\/178\/revisions\/308"}],"wp:attachment":[{"href":"http:\/\/vario-hsi.de\/index.php?rest_route=%2Fwp%2Fv2%2Fmedia&parent=178"}],"curies":[{"name":"wp","href":"https:\/\/api.w.org\/{rel}","templated":true}]}}